{"id":2478,"date":"2025-09-02T01:11:16","date_gmt":"2025-09-01T23:11:16","guid":{"rendered":"https:\/\/cosmoguada.es\/?page_id=2478"},"modified":"2025-09-02T01:59:48","modified_gmt":"2025-09-01T23:59:48","slug":"catalogo-de-actividades-educativas","status":"publish","type":"page","link":"https:\/\/cosmoguada.es\/en\/catalogo-de-actividades-educativas\/","title":{"rendered":"Catalog of Educational Activities"},"content":{"rendered":"<p>Discover our educational astronomy and nature activities <strong><em>in just one click<\/em><\/strong><\/p>\n\n\n\n<p>Practical astronomy workshops for schools and associations, designed to inspire, teach, and spark curiosity.<br>We bring the universe directly to your center, without travel or complications.<\/p>\n\n\n\n<p>You can check out our catalog \ud83d\udc47\ud83c\udffc here:<br><\/p>\n\n\n<div class=\"_df_book df-lite\" id=\"df_2476\"  _slug=\"catalogo-de-actividades-educativas\" data-title=\"catalogo-de-actividades-educativas\" wpoptions=\"true\" thumbtype=\"\" ><\/div><script class=\"df-shortcode-script\" nowprocket type=\"application\/javascript\">window.option_df_2476 = {\"outline\":[],\"autoEnableOutline\":\"false\",\"autoEnableThumbnail\":\"false\",\"overwritePDFOutline\":\"false\",\"direction\":\"1\",\"pageSize\":\"0\",\"source\":\"https:\\\/\\\/cosmoguada.es\\\/wp-content\\\/uploads\\\/2025\\\/09\\\/Catalogo-Presentacion-43.pdf\",\"wpOptions\":\"true\"}; if(window.DFLIP && window.DFLIP.parseBooks){window.DFLIP.parseBooks();}<\/script>\n\n\n\n<p>At Cosmo Guada, we offer practical astronomy workshops that turn science into an unforgettable experience. Students learn to observe the sky with curiosity while developing key skills in a fun and engaging way.<\/p>\n\n\n\n<p>Our workshops provide:<\/p>\n\n\n\n<ul class=\"wp-block-list\">\n<li><strong>Curricular connection<\/strong>: Contents aligned with the educational program.<\/li>\n\n\n\n<li><strong>Active learning<\/strong>: Practical activities that spark curiosity.<\/li>\n\n\n\n<li><strong>Sustainability<\/strong>: No travel and responsible materials.<\/li>\n\n\n\n<li><strong>Adaptability<\/strong>: Designed for different ages and levels.<\/li>\n\n\n\n<li><strong>Inspiration<\/strong>: They reinforce values such as creativity and teamwork.<\/li>\n<\/ul>\n\n\n\n<p>We make it easy: we bring the materials, planning, and workshop directly to your center. Just tell us when.<\/p>\n\n\n\n<p>\u2728 <strong>Design your educational experience with us and help your students discover the universe firsthand.<\/strong><\/p>\n\n\n\n<p>\ud83d\udce9 For more information or a personalized quote:<br><a href=\"mailto:reservas@cosmoguada.es\">reserva@cosmoguada.es<\/a> | \ud83d\udcde 641 608 806<\/p>","protected":false},"excerpt":{"rendered":"<p>Descubre nuestras actividades educativas de astronom\u00eda y naturaleza en un solo clic Talleres pr\u00e1cticos de astronom\u00eda para colegios y asociaciones, dise\u00f1ados para inspirar, ense\u00f1ar y despertar la curiosidad.Llevamos el universo directamente a tu centro, sin desplazamientos ni complicaciones. Puedes consultar nuestro cat\u00e1logo \ud83d\udc47\ud83c\udffc aqu\u00ed: En Cosmo Guada ofrecemos talleres pr\u00e1cticos de astronom\u00eda que convierten la [&hellip;]<\/p>","protected":false},"author":1,"featured_media":0,"parent":0,"menu_order":0,"comment_status":"closed","ping_status":"closed","template":"","meta":{"_citadela_hide_page_title":"","_citadela_remove_header_space":"","_citadela_custom_class":"","_citadela_half_map_provider":"","_citadela_half_map_theme":"","_citadela_half_map_themeOSM":"","_citadela_half_map_customTheme":"","_citadela_half_map_dataType":"","_citadela_half_map_dynamicTrack":false,"_citadela_half_map_trackColor":"","_citadela_half_map_trackEndpointsColor":"","_citadela_half_map_filterCategory":"","_citadela_half_map_filterLocation":"","_citadela_half_map_filterFeatured":false,"_citadela_half_map_noDataBehavior":"empty-map","_citadela_half_map_noDataText":"","_citadela_half_map_clusterGridSize":80,"_citadela_header":false,"_citadela_header_over_content":false,"_citadela_header_text_color":"","_citadela_header_logo":[],"_citadela_header_bg_image":[],"_citadela_header_bg_position":[],"_citadela_header_bg_size":"","_citadela_header_bg_repeat":"","_citadela_header_bg_fixed":false,"_citadela_header_bg_color":"","_citadela_header_bg_image_overlay":"","_citadela_header_transparent_bg":false,"_citadela_content_width":"","_citadela_half_layout_position":"","footnotes":""},"class_list":["post-2478","page","type-page","status-publish","hentry"],"yoast_head":"<!-- This site is optimized with the Yoast SEO plugin v26.8 - https:\/\/yoast.com\/product\/yoast-seo-wordpress\/ -->\n<title>Cat\u00e1logo de Actividades Educativas - CosmoGuada<\/title>\n<meta name=\"robots\" content=\"index, follow, max-snippet:-1, max-image-preview:large, max-video-preview:-1\" \/>\n<link rel=\"canonical\" href=\"https:\/\/cosmoguada.es\/en\/catalogo-de-actividades-educativas\/\" \/>\n<meta property=\"og:locale\" content=\"en_GB\" \/>\n<meta property=\"og:type\" content=\"article\" \/>\n<meta property=\"og:title\" content=\"Cat\u00e1logo de Actividades Educativas - CosmoGuada\" \/>\n<meta property=\"og:description\" content=\"Descubre nuestras actividades educativas de astronom\u00eda y naturaleza en un solo clic Talleres pr\u00e1cticos de astronom\u00eda para colegios y asociaciones, dise\u00f1ados para inspirar, ense\u00f1ar y despertar la curiosidad.Llevamos el universo directamente a tu centro, sin desplazamientos ni complicaciones. Puedes consultar nuestro cat\u00e1logo \ud83d\udc47\ud83c\udffc aqu\u00ed: En Cosmo Guada ofrecemos talleres pr\u00e1cticos de astronom\u00eda que convierten la [&hellip;]\" \/>\n<meta property=\"og:url\" content=\"https:\/\/cosmoguada.es\/en\/catalogo-de-actividades-educativas\/\" \/>\n<meta property=\"og:site_name\" content=\"CosmoGuada\" \/>\n<meta property=\"article:publisher\" content=\"https:\/\/www.facebook.com\/CosmoGuada\/\" \/>\n<meta property=\"article:modified_time\" content=\"2025-09-01T23:59:48+00:00\" \/>\n<meta name=\"twitter:card\" content=\"summary_large_image\" \/>\n<meta name=\"twitter:label1\" content=\"Estimated reading time\" \/>\n\t<meta name=\"twitter:data1\" content=\"1 minute\" \/>\n<script type=\"application\/ld+json\" class=\"yoast-schema-graph\">{\"@context\":\"https:\/\/schema.org\",\"@graph\":[{\"@type\":\"WebPage\",\"@id\":\"https:\/\/cosmoguada.es\/catalogo-de-actividades-educativas\/\",\"url\":\"https:\/\/cosmoguada.es\/catalogo-de-actividades-educativas\/\",\"name\":\"Cat\u00e1logo de Actividades Educativas - CosmoGuada\",\"isPartOf\":{\"@id\":\"https:\/\/cosmoguada.es\/#website\"},\"datePublished\":\"2025-09-01T23:11:16+00:00\",\"dateModified\":\"2025-09-01T23:59:48+00:00\",\"breadcrumb\":{\"@id\":\"https:\/\/cosmoguada.es\/catalogo-de-actividades-educativas\/#breadcrumb\"},\"inLanguage\":\"en-GB\",\"potentialAction\":[{\"@type\":\"ReadAction\",\"target\":[\"https:\/\/cosmoguada.es\/catalogo-de-actividades-educativas\/\"]}]},{\"@type\":\"BreadcrumbList\",\"@id\":\"https:\/\/cosmoguada.es\/catalogo-de-actividades-educativas\/#breadcrumb\",\"itemListElement\":[{\"@type\":\"ListItem\",\"position\":1,\"name\":\"Portada\",\"item\":\"https:\/\/cosmoguada.es\/\"},{\"@type\":\"ListItem\",\"position\":2,\"name\":\"Cat\u00e1logo de Actividades Educativas\"}]},{\"@type\":\"WebSite\",\"@id\":\"https:\/\/cosmoguada.es\/#website\",\"url\":\"https:\/\/cosmoguada.es\/\",\"name\":\"CosmoGuada\",\"description\":\"Experiencias Astron\u00f3micas en Guadalajara\",\"publisher\":{\"@id\":\"https:\/\/cosmoguada.es\/#organization\"},\"potentialAction\":[{\"@type\":\"SearchAction\",\"target\":{\"@type\":\"EntryPoint\",\"urlTemplate\":\"https:\/\/cosmoguada.es\/?s={search_term_string}\"},\"query-input\":{\"@type\":\"PropertyValueSpecification\",\"valueRequired\":true,\"valueName\":\"search_term_string\"}}],\"inLanguage\":\"en-GB\"},{\"@type\":\"Organization\",\"@id\":\"https:\/\/cosmoguada.es\/#organization\",\"name\":\"CosmoGuada\",\"url\":\"https:\/\/cosmoguada.es\/\",\"logo\":{\"@type\":\"ImageObject\",\"inLanguage\":\"en-GB\",\"@id\":\"https:\/\/cosmoguada.es\/#\/schema\/logo\/image\/\",\"url\":\"https:\/\/cosmoguada.es\/wp-content\/uploads\/2023\/11\/logo-cosmoguada-120x120-1.png\",\"contentUrl\":\"https:\/\/cosmoguada.es\/wp-content\/uploads\/2023\/11\/logo-cosmoguada-120x120-1.png\",\"width\":120,\"height\":120,\"caption\":\"CosmoGuada\"},\"image\":{\"@id\":\"https:\/\/cosmoguada.es\/#\/schema\/logo\/image\/\"},\"sameAs\":[\"https:\/\/www.facebook.com\/CosmoGuada\/\",\"https:\/\/www.instagram.com\/cosmo.guada\/\"]}]}<\/script>\n<!-- \/ Yoast SEO plugin. -->","yoast_head_json":{"title":"Cat\u00e1logo de Actividades Educativas - CosmoGuada","robots":{"index":"index","follow":"follow","max-snippet":"max-snippet:-1","max-image-preview":"max-image-preview:large","max-video-preview":"max-video-preview:-1"},"canonical":"https:\/\/cosmoguada.es\/en\/catalogo-de-actividades-educativas\/","og_locale":"en_GB","og_type":"article","og_title":"Cat\u00e1logo de Actividades Educativas - CosmoGuada","og_description":"Descubre nuestras actividades educativas de astronom\u00eda y naturaleza en un solo clic Talleres pr\u00e1cticos de astronom\u00eda para colegios y asociaciones, dise\u00f1ados para inspirar, ense\u00f1ar y despertar la curiosidad.Llevamos el universo directamente a tu centro, sin desplazamientos ni complicaciones. Puedes consultar nuestro cat\u00e1logo \ud83d\udc47\ud83c\udffc aqu\u00ed: En Cosmo Guada ofrecemos talleres pr\u00e1cticos de astronom\u00eda que convierten la [&hellip;]","og_url":"https:\/\/cosmoguada.es\/en\/catalogo-de-actividades-educativas\/","og_site_name":"CosmoGuada","article_publisher":"https:\/\/www.facebook.com\/CosmoGuada\/","article_modified_time":"2025-09-01T23:59:48+00:00","twitter_card":"summary_large_image","twitter_misc":{"Estimated reading time":"1 minute"},"schema":{"@context":"https:\/\/schema.org","@graph":[{"@type":"WebPage","@id":"https:\/\/cosmoguada.es\/catalogo-de-actividades-educativas\/","url":"https:\/\/cosmoguada.es\/catalogo-de-actividades-educativas\/","name":"Cat\u00e1logo de Actividades Educativas - CosmoGuada","isPartOf":{"@id":"https:\/\/cosmoguada.es\/#website"},"datePublished":"2025-09-01T23:11:16+00:00","dateModified":"2025-09-01T23:59:48+00:00","breadcrumb":{"@id":"https:\/\/cosmoguada.es\/catalogo-de-actividades-educativas\/#breadcrumb"},"inLanguage":"en-GB","potentialAction":[{"@type":"ReadAction","target":["https:\/\/cosmoguada.es\/catalogo-de-actividades-educativas\/"]}]},{"@type":"BreadcrumbList","@id":"https:\/\/cosmoguada.es\/catalogo-de-actividades-educativas\/#breadcrumb","itemListElement":[{"@type":"ListItem","position":1,"name":"Portada","item":"https:\/\/cosmoguada.es\/"},{"@type":"ListItem","position":2,"name":"Cat\u00e1logo de Actividades Educativas"}]},{"@type":"WebSite","@id":"https:\/\/cosmoguada.es\/#website","url":"https:\/\/cosmoguada.es\/","name":"CosmoGuada","description":"Astronomical Experiences in Guadalajara","publisher":{"@id":"https:\/\/cosmoguada.es\/#organization"},"potentialAction":[{"@type":"SearchAction","target":{"@type":"EntryPoint","urlTemplate":"https:\/\/cosmoguada.es\/?s={search_term_string}"},"query-input":{"@type":"PropertyValueSpecification","valueRequired":true,"valueName":"search_term_string"}}],"inLanguage":"en-GB"},{"@type":"Organization","@id":"https:\/\/cosmoguada.es\/#organization","name":"CosmoGuada","url":"https:\/\/cosmoguada.es\/","logo":{"@type":"ImageObject","inLanguage":"en-GB","@id":"https:\/\/cosmoguada.es\/#\/schema\/logo\/image\/","url":"https:\/\/cosmoguada.es\/wp-content\/uploads\/2023\/11\/logo-cosmoguada-120x120-1.png","contentUrl":"https:\/\/cosmoguada.es\/wp-content\/uploads\/2023\/11\/logo-cosmoguada-120x120-1.png","width":120,"height":120,"caption":"CosmoGuada"},"image":{"@id":"https:\/\/cosmoguada.es\/#\/schema\/logo\/image\/"},"sameAs":["https:\/\/www.facebook.com\/CosmoGuada\/","https:\/\/www.instagram.com\/cosmo.guada\/"]}]}},"_links":{"self":[{"href":"https:\/\/cosmoguada.es\/en\/wp-json\/wp\/v2\/pages\/2478","targetHints":{"allow":["GET"]}}],"collection":[{"href":"https:\/\/cosmoguada.es\/en\/wp-json\/wp\/v2\/pages"}],"about":[{"href":"https:\/\/cosmoguada.es\/en\/wp-json\/wp\/v2\/types\/page"}],"author":[{"embeddable":true,"href":"https:\/\/cosmoguada.es\/en\/wp-json\/wp\/v2\/users\/1"}],"replies":[{"embeddable":true,"href":"https:\/\/cosmoguada.es\/en\/wp-json\/wp\/v2\/comments?post=2478"}],"version-history":[{"count":2,"href":"https:\/\/cosmoguada.es\/en\/wp-json\/wp\/v2\/pages\/2478\/revisions"}],"predecessor-version":[{"id":2526,"href":"https:\/\/cosmoguada.es\/en\/wp-json\/wp\/v2\/pages\/2478\/revisions\/2526"}],"wp:attachment":[{"href":"https:\/\/cosmoguada.es\/en\/wp-json\/wp\/v2\/media?parent=2478"}],"curies":[{"name":"wp","href":"https:\/\/api.w.org\/{rel}","templated":true}]}}